{"id":13152,"date":"2022-11-25T17:27:52","date_gmt":"2022-11-25T22:27:52","guid":{"rendered":"https:\/\/nowdose.com\/?post_type=product&#038;p=13152"},"modified":"2024-07-31T16:08:41","modified_gmt":"2024-07-31T21:08:41","slug":"cadet-twin-2x2","status":"publish","type":"product","link":"https:\/\/nowdose.com\/en\/productos\/cadet-twin-2x2\/","title":{"rendered":"Cadet Twin\u00ae 2\u00d72"},"content":{"rendered":"","protected":false},"excerpt":{"rendered":"<p>Cadet Twin 2\u00d72 \u2013 Repackaging machine for solid oral medications in unit doses<\/p>\n<p>Equipment manufactured with the highest quality, compact and efficient for the repackaging of medications in unit doses in hospitals, long-term patient care and laboratories with the production of oral solid dosage forms. Packaging of one hundred and twenty (120) units per minute in standard size (Length: 3.96 cm x Width: 3.96 cm). It has variable medication packaging sizes and standard sensors for thermal transfer printing, guaranteeing the quality and permanence of the medication information over time.<br \/>\nEs una m\u00e1quina de sobremesa r\u00e1pida, eficiente y duradera dise\u00f1ada para un tiempo de actividad y utilidad al m\u00e1ximo; fiable duradera y completa para garantizar excelentes resultados.<\/p>","protected":false},"featured_media":13153,"comment_status":"open","ping_status":"closed","template":"","meta":[],"product_cat":[294,300,291,283,299,270,298,290,282],"product_tag":[],"_links":{"self":[{"href":"https:\/\/nowdose.com\/en\/wp-json\/wp\/v2\/product\/13152"}],"collection":[{"href":"https:\/\/nowdose.com\/en\/wp-json\/wp\/v2\/product"}],"about":[{"href":"https:\/\/nowdose.com\/en\/wp-json\/wp\/v2\/types\/product"}],"replies":[{"embeddable":true,"href":"https:\/\/nowdose.com\/en\/wp-json\/wp\/v2\/comments?post=13152"}],"wp:featuredmedia":[{"embeddable":true,"href":"https:\/\/nowdose.com\/en\/wp-json\/wp\/v2\/media\/13153"}],"wp:attachment":[{"href":"https:\/\/nowdose.com\/en\/wp-json\/wp\/v2\/media?parent=13152"}],"wp:term":[{"taxonomy":"product_cat","embeddable":true,"href":"https:\/\/nowdose.com\/en\/wp-json\/wp\/v2\/product_cat?post=13152"},{"taxonomy":"product_tag","embeddable":true,"href":"https:\/\/nowdose.com\/en\/wp-json\/wp\/v2\/product_tag?post=13152"}],"curies":[{"name":"wp","href":"https:\/\/api.w.org\/{rel}","templated":true}]}}