{"id":13169,"date":"2022-11-25T18:18:32","date_gmt":"2022-11-25T23:18:32","guid":{"rendered":"https:\/\/nowdose.com\/?post_type=product&#038;p=13169"},"modified":"2022-12-27T15:32:57","modified_gmt":"2022-12-27T20:32:57","slug":"the-axial-rmd-144","status":"publish","type":"product","link":"https:\/\/nowdose.com\/en\/productos\/the-axial-rmd-144\/","title":{"rendered":"THE AXIAL\u00ae RMD-144"},"content":{"rendered":"","protected":false},"excerpt":{"rendered":"<p>REENVASE DE MEDICAMENTOS S\u00d3LIDOS ORALES &#8211; THE AXIAL\u00ae RMD-144<\/p>\n<p>Repackaging equipment for oral solid medications, which allows the repackaging of single or multi-dose medications at a speed of 65 packages per minute. With a new and revolutionary rotating design, which allows easy selection of the medication to be packaged, as well as easy access and filling of the canisters.<br \/>\nEste modelo cuenta con una pantalla touch alfanum\u00e9rica, que permite llevar a cabo el seguimiento de los productos en el equipo, adicionalmente cuenta con una impresi\u00f3n por transferencia t\u00e9rmica, que garantiza la calidad y permanencia en el tiempo de la informaci\u00f3n del medicamento.<\/p>","protected":false},"featured_media":13170,"comment_status":"open","ping_status":"closed","template":"","meta":[],"product_cat":[300,291,294,283,299,270,298,290,282],"product_tag":[],"_links":{"self":[{"href":"https:\/\/nowdose.com\/en\/wp-json\/wp\/v2\/product\/13169"}],"collection":[{"href":"https:\/\/nowdose.com\/en\/wp-json\/wp\/v2\/product"}],"about":[{"href":"https:\/\/nowdose.com\/en\/wp-json\/wp\/v2\/types\/product"}],"replies":[{"embeddable":true,"href":"https:\/\/nowdose.com\/en\/wp-json\/wp\/v2\/comments?post=13169"}],"wp:featuredmedia":[{"embeddable":true,"href":"https:\/\/nowdose.com\/en\/wp-json\/wp\/v2\/media\/13170"}],"wp:attachment":[{"href":"https:\/\/nowdose.com\/en\/wp-json\/wp\/v2\/media?parent=13169"}],"wp:term":[{"taxonomy":"product_cat","embeddable":true,"href":"https:\/\/nowdose.com\/en\/wp-json\/wp\/v2\/product_cat?post=13169"},{"taxonomy":"product_tag","embeddable":true,"href":"https:\/\/nowdose.com\/en\/wp-json\/wp\/v2\/product_tag?post=13169"}],"curies":[{"name":"wp","href":"https:\/\/api.w.org\/{rel}","templated":true}]}}